{"id":11268,"date":"2023-11-08T14:26:08","date_gmt":"2023-11-08T13:26:08","guid":{"rendered":"http:\/\/elena.pl\/scientific-opinions\/"},"modified":"2023-11-21T15:02:10","modified_gmt":"2023-11-21T14:02:10","slug":"scientific-opinions","status":"publish","type":"page","link":"https:\/\/elena.pl\/en\/scientific-opinions\/","title":{"rendered":"Scientific opinions"},"content":{"rendered":"<div class=\"wpb-content-wrapper\"><p>[vc_row woodmart_css_id=&#8221;654d3ef0f3cfa&#8221; responsive_spacing=&#8221;eyJwYXJhbV90eXBlIjoid29vZG1hcnRfcmVzcG9uc2l2ZV9zcGFjaW5nIiwic2VsZWN0b3JfaWQiOiI2NTRkM2VmMGYzY2ZhIiwic2hvcnRjb2RlIjoidmNfcm93IiwiZGF0YSI6eyJ0YWJsZXQiOnt9LCJtb2JpbGUiOnt9fX0=&#8221; mobile_bg_img_hidden=&#8221;no&#8221; tablet_bg_img_hidden=&#8221;no&#8221; woodmart_parallax=&#8221;0&#8243; woodmart_gradient_switch=&#8221;no&#8221; woodmart_box_shadow=&#8221;no&#8221; wd_z_index=&#8221;no&#8221; woodmart_disable_overflow=&#8221;0&#8243; row_reverse_mobile=&#8221;0&#8243; row_reverse_tablet=&#8221;0&#8243;][vc_column css=&#8221;.vc_custom_1699451056149{padding-right: 5% !important;padding-bottom: 20px !important;padding-left: 5% !important;background-color: #fafafa !important;border-radius: 15px !important;}&#8221; woodmart_css_id=&#8221;654b90ab6db74&#8243; parallax_scroll=&#8221;no&#8221; woodmart_sticky_column=&#8221;false&#8221; wd_collapsible_content_switcher=&#8221;no&#8221; wd_column_role_offcanvas_desktop=&#8221;no&#8221; wd_column_role_offcanvas_tablet=&#8221;no&#8221; wd_column_role_offcanvas_mobile=&#8221;no&#8221; wd_column_role_content_desktop=&#8221;no&#8221; wd_column_role_content_tablet=&#8221;no&#8221; wd_column_role_content_mobile=&#8221;no&#8221; mobile_bg_img_hidden=&#8221;no&#8221; tablet_bg_img_hidden=&#8221;no&#8221; woodmart_parallax=&#8221;0&#8243; woodmart_box_shadow=&#8221;no&#8221; responsive_spacing=&#8221;eyJwYXJhbV90eXBlIjoid29vZG1hcnRfcmVzcG9uc2l2ZV9zcGFjaW5nIiwic2VsZWN0b3JfaWQiOiI2NTRiOTBhYjZkYjc0Iiwic2hvcnRjb2RlIjoidmNfY29sdW1uIiwiZGF0YSI6eyJ0YWJsZXQiOnt9LCJtb2JpbGUiOnt9fX0=&#8221; mobile_reset_margin=&#8221;no&#8221; tablet_reset_margin=&#8221;no&#8221; wd_z_index=&#8221;no&#8221;]\n\t\t<div id=\"wd-655cb0243b22f\" class=\"title-wrapper wd-wpb wd-set-mb reset-last-child  wd-rs-655cb0243b22f wd-title-color-primary wd-title-style-default text-left vc_custom_1700573233431 wd-underline-colored\">\n\t\t\t\t\t\t\t\n\t\t\t\t<div class=\"title-subtitle  subtitle-color-primary font-default subtitle-style-default wd-font-weight-600 wd-fontsize-m\">SCIENTIFIC OPINIONS<\/div>\n\t\t\t\n\t\t\t<div class=\"liner-continer\">\n\t\t\t\t<h1 class=\"woodmart-title-container title  wd-font-weight- wd-fontsize-xxxl\" >We cooperate in science projects!<\/h1>\n\t\t\t\t\t\t\t<\/div>\n\t\t\t\n\t\t\t\n\t\t\t\n\t\t<\/div>\n\t\t\n\t\t[vc_row_inner equal_height=&#8221;yes&#8221; content_placement=&#8221;middle&#8221; woodmart_css_id=&#8221;654b907581a2f&#8221; responsive_spacing=&#8221;eyJwYXJhbV90eXBlIjoid29vZG1hcnRfcmVzcG9uc2l2ZV9zcGFjaW5nIiwic2VsZWN0b3JfaWQiOiI2NTRiOTA3NTgxYTJmIiwic2hvcnRjb2RlIjoidmNfcm93X2lubmVyIiwiZGF0YSI6eyJ0YWJsZXQiOnt9LCJtb2JpbGUiOnt9fX0=&#8221; mobile_bg_img_hidden=&#8221;no&#8221; tablet_bg_img_hidden=&#8221;no&#8221; woodmart_parallax=&#8221;0&#8243; woodmart_gradient_switch=&#8221;no&#8221; woodmart_box_shadow=&#8221;no&#8221; wd_z_index=&#8221;no&#8221; woodmart_disable_overflow=&#8221;0&#8243; row_reverse_mobile=&#8221;0&#8243; row_reverse_tablet=&#8221;0&#8243;][vc_column_inner width=&#8221;1\/2&#8243;]\t\t<div id=\"wd-654baceab9f67\" class=\"wd-text-block wd-wpb reset-last-child wd-rs-654baceab9f67 text-left \">\n\t\t\t<p><strong>ELENA company has attached great importance to cooperation with the science world: universities and laboratory centres which profesionally deals with food production and nutrition.<\/strong><\/p>\n\t\t<\/div>\n\t\t\t\t<div id=\"wd-654b8d648abf2\" class=\"wd-text-block wd-wpb reset-last-child wd-rs-654b8d648abf2 text-left \">\n\t\t\t<p>We present you a list of universities we cooperated with in scientific projects:<\/p>\n<ul>\n<li>Katedra Nauk Fizjologicznych Wydzia\u0142 Medycyny Weterynaryjnej \u2013 SGGW Warszawa (Department of Physiological Sciences, Institute of Veterinary Medicine \u2013 Warsaw Uniwersity of Life Sciences, Warsaw)<\/li>\n<li>Wydzia\u0142 Nauk o \u017bywno\u015bci i \u017bywieniu Instytut Technoogii \u017bywno\u015bci Pochodzenia Ro\u015blinnego &#8211; Uniwersytet Przyrodniczy w Poznaniu (Faculty of Food Science and Nutrition, Department of Food Technology of Plant Origin \u2013 Pozna\u0144 University of Life Sciences)<\/li>\n<li>Wydzia\u0142 Technologii Chemicznej Instytut Technologii i In\u017cynierii Chemicznej &#8211; Poltechnika Pozna\u0144ska (Faculty of Chemical Technology, Institute of Chemical Technology and Engineering, Pozna\u0144 University of Technology)<\/li>\n<li>Wydzia\u0142 Farmaceutyczny Zak\u0142ad Chemii Fizycznej &#8211; Warszawski Uniwersytet Medyczny (Pharmacy Division, Department of Physical Chemistry, Medical University of Warsaw)<\/li>\n<li>Katedra Chemii Analitycznej i Og\u00f3lnej &#8211; Politechnika \u015al\u0105ska (Department of Analytical and General Chemistry, Silesian University of Technology)<\/li>\n<\/ul>\n\t\t<\/div>\n\t\t[\/vc_column_inner][vc_column_inner width=&#8221;1\/2&#8243;]\t\t<div id=\"wd-654badbeea2a0\" class=\"wd-image wd-wpb wd-rs-654badbeea2a0 text-center \">\n\t\t\t\n\t\t\t<img loading=\"lazy\" decoding=\"async\" width=\"1500\" height=\"966\" src=\"https:\/\/elena.pl\/wp-content\/uploads\/2023\/11\/rekomendacje-1.jpg\" class=\"attachment-full size-full\" alt=\"\" srcset=\"https:\/\/elena.pl\/wp-content\/uploads\/2023\/11\/rekomendacje-1.jpg 1500w, https:\/\/elena.pl\/wp-content\/uploads\/2023\/11\/rekomendacje-1-400x258.jpg 400w, https:\/\/elena.pl\/wp-content\/uploads\/2023\/11\/rekomendacje-1-768x495.jpg 768w, https:\/\/elena.pl\/wp-content\/uploads\/2023\/11\/rekomendacje-1-1242x800.jpg 1242w, https:\/\/elena.pl\/wp-content\/uploads\/2023\/11\/rekomendacje-1-430x277.jpg 430w, https:\/\/elena.pl\/wp-content\/uploads\/2023\/11\/rekomendacje-1-150x97.jpg 150w, https:\/\/elena.pl\/wp-content\/uploads\/2023\/11\/rekomendacje-1-700x451.jpg 700w, https:\/\/elena.pl\/wp-content\/uploads\/2023\/11\/rekomendacje-1-860x554.jpg 860w\" sizes=\"auto, (max-width: 1500px) 100vw, 1500px\" \/>\n\t\t\t\t\t<\/div>\n\t\t[\/vc_column_inner][\/vc_row_inner][\/vc_column][\/vc_row]<\/p>\n<\/div>","protected":false},"excerpt":{"rendered":"<p>[vc_row woodmart_css_id=&#8221;654d3ef0f3cfa&#8221; responsive_spacing=&#8221;eyJwYXJhbV90eXBlIjoid29vZG1hcnRfcmVzcG9uc2l2ZV9zcGFjaW5nIiwic2VsZWN0b3JfaWQiOiI2NTRkM2VmMGYzY2ZhIiwic2hvcnRjb2RlIjoidmNfcm93IiwiZGF0YSI6eyJ0YWJsZXQiOnt9LCJtb2JpbGUiOnt9fX0=&#8221; mobile_bg_img_hidden=&#8221;no&#8221; tablet_bg_img_hidden=&#8221;no&#8221; woodmart_parallax=&#8221;0&#8243; woodmart_gradient_switch=&#8221;no&#8221; woodmart_box_shadow=&#8221;no&#8221; wd_z_index=&#8221;no&#8221; woodmart_disable_overflow=&#8221;0&#8243; row_reverse_mobile=&#8221;0&#8243; row_reverse_tablet=&#8221;0&#8243;][vc_column css=&#8221;.vc_custom_1699451056149{padding-right: 5% !important;padding-bottom: 20px !important;padding-left: 5% !important;background-color: #fafafa<\/p>\n","protected":false},"author":1,"featured_media":0,"parent":0,"menu_order":0,"comment_status":"closed","ping_status":"closed","template":"","meta":{"footnotes":""},"class_list":["post-11268","page","type-page","status-publish","hentry"],"yoast_head":"<!-- This site is optimized with the Yoast SEO plugin v26.8 - https:\/\/yoast.com\/product\/yoast-seo-wordpress\/ -->\n<title>Scientific opinions - Elena<\/title>\n<meta name=\"robots\" content=\"index, follow, max-snippet:-1, max-image-preview:large, max-video-preview:-1\" \/>\n<link rel=\"canonical\" href=\"https:\/\/elena.pl\/en\/scientific-opinions\/\" \/>\n<meta property=\"og:locale\" content=\"en_US\" \/>\n<meta property=\"og:type\" content=\"article\" \/>\n<meta property=\"og:title\" content=\"Scientific opinions - Elena\" \/>\n<meta property=\"og:description\" content=\"[vc_row woodmart_css_id=&#8221;654d3ef0f3cfa&#8221; responsive_spacing=&#8221;eyJwYXJhbV90eXBlIjoid29vZG1hcnRfcmVzcG9uc2l2ZV9zcGFjaW5nIiwic2VsZWN0b3JfaWQiOiI2NTRkM2VmMGYzY2ZhIiwic2hvcnRjb2RlIjoidmNfcm93IiwiZGF0YSI6eyJ0YWJsZXQiOnt9LCJtb2JpbGUiOnt9fX0=&#8221; mobile_bg_img_hidden=&#8221;no&#8221; tablet_bg_img_hidden=&#8221;no&#8221; woodmart_parallax=&#8221;0&#8243; woodmart_gradient_switch=&#8221;no&#8221; woodmart_box_shadow=&#8221;no&#8221; wd_z_index=&#8221;no&#8221; woodmart_disable_overflow=&#8221;0&#8243; row_reverse_mobile=&#8221;0&#8243; row_reverse_tablet=&#8221;0&#8243;][vc_column css=&#8221;.vc_custom_1699451056149{padding-right: 5% !important;padding-bottom: 20px !important;padding-left: 5% !important;background-color: #fafafa\" \/>\n<meta property=\"og:url\" content=\"https:\/\/elena.pl\/en\/scientific-opinions\/\" \/>\n<meta property=\"og:site_name\" content=\"Elena\" \/>\n<meta property=\"article:modified_time\" content=\"2023-11-21T14:02:10+00:00\" \/>\n<meta name=\"twitter:card\" content=\"summary_large_image\" \/>\n<meta name=\"twitter:label1\" content=\"Est. reading time\" \/>\n\t<meta name=\"twitter:data1\" content=\"4 minutes\" \/>\n<script type=\"application\/ld+json\" class=\"yoast-schema-graph\">{\"@context\":\"https:\/\/schema.org\",\"@graph\":[{\"@type\":\"WebPage\",\"@id\":\"https:\/\/elena.pl\/en\/scientific-opinions\/\",\"url\":\"https:\/\/elena.pl\/en\/scientific-opinions\/\",\"name\":\"Scientific opinions - Elena\",\"isPartOf\":{\"@id\":\"https:\/\/elena.pl\/#website\"},\"datePublished\":\"2023-11-08T13:26:08+00:00\",\"dateModified\":\"2023-11-21T14:02:10+00:00\",\"breadcrumb\":{\"@id\":\"https:\/\/elena.pl\/en\/scientific-opinions\/#breadcrumb\"},\"inLanguage\":\"en-US\",\"potentialAction\":[{\"@type\":\"ReadAction\",\"target\":[\"https:\/\/elena.pl\/en\/scientific-opinions\/\"]}]},{\"@type\":\"BreadcrumbList\",\"@id\":\"https:\/\/elena.pl\/en\/scientific-opinions\/#breadcrumb\",\"itemListElement\":[{\"@type\":\"ListItem\",\"position\":1,\"name\":\"Strona g\u0142\u00f3wna\",\"item\":\"https:\/\/elena.pl\/en\/\"},{\"@type\":\"ListItem\",\"position\":2,\"name\":\"Scientific opinions\"}]},{\"@type\":\"WebSite\",\"@id\":\"https:\/\/elena.pl\/#website\",\"url\":\"https:\/\/elena.pl\/\",\"name\":\"Elena\",\"description\":\"Producent \u017cywno\u015bci liofilizowanej\",\"potentialAction\":[{\"@type\":\"SearchAction\",\"target\":{\"@type\":\"EntryPoint\",\"urlTemplate\":\"https:\/\/elena.pl\/?s={search_term_string}\"},\"query-input\":{\"@type\":\"PropertyValueSpecification\",\"valueRequired\":true,\"valueName\":\"search_term_string\"}}],\"inLanguage\":\"en-US\"}]}<\/script>\n<!-- \/ Yoast SEO plugin. -->","yoast_head_json":{"title":"Scientific opinions - Elena","robots":{"index":"index","follow":"follow","max-snippet":"max-snippet:-1","max-image-preview":"max-image-preview:large","max-video-preview":"max-video-preview:-1"},"canonical":"https:\/\/elena.pl\/en\/scientific-opinions\/","og_locale":"en_US","og_type":"article","og_title":"Scientific opinions - Elena","og_description":"[vc_row woodmart_css_id=&#8221;654d3ef0f3cfa&#8221; responsive_spacing=&#8221;eyJwYXJhbV90eXBlIjoid29vZG1hcnRfcmVzcG9uc2l2ZV9zcGFjaW5nIiwic2VsZWN0b3JfaWQiOiI2NTRkM2VmMGYzY2ZhIiwic2hvcnRjb2RlIjoidmNfcm93IiwiZGF0YSI6eyJ0YWJsZXQiOnt9LCJtb2JpbGUiOnt9fX0=&#8221; mobile_bg_img_hidden=&#8221;no&#8221; tablet_bg_img_hidden=&#8221;no&#8221; woodmart_parallax=&#8221;0&#8243; woodmart_gradient_switch=&#8221;no&#8221; woodmart_box_shadow=&#8221;no&#8221; wd_z_index=&#8221;no&#8221; woodmart_disable_overflow=&#8221;0&#8243; row_reverse_mobile=&#8221;0&#8243; row_reverse_tablet=&#8221;0&#8243;][vc_column css=&#8221;.vc_custom_1699451056149{padding-right: 5% !important;padding-bottom: 20px !important;padding-left: 5% !important;background-color: #fafafa","og_url":"https:\/\/elena.pl\/en\/scientific-opinions\/","og_site_name":"Elena","article_modified_time":"2023-11-21T14:02:10+00:00","twitter_card":"summary_large_image","twitter_misc":{"Est. reading time":"4 minutes"},"schema":{"@context":"https:\/\/schema.org","@graph":[{"@type":"WebPage","@id":"https:\/\/elena.pl\/en\/scientific-opinions\/","url":"https:\/\/elena.pl\/en\/scientific-opinions\/","name":"Scientific opinions - Elena","isPartOf":{"@id":"https:\/\/elena.pl\/#website"},"datePublished":"2023-11-08T13:26:08+00:00","dateModified":"2023-11-21T14:02:10+00:00","breadcrumb":{"@id":"https:\/\/elena.pl\/en\/scientific-opinions\/#breadcrumb"},"inLanguage":"en-US","potentialAction":[{"@type":"ReadAction","target":["https:\/\/elena.pl\/en\/scientific-opinions\/"]}]},{"@type":"BreadcrumbList","@id":"https:\/\/elena.pl\/en\/scientific-opinions\/#breadcrumb","itemListElement":[{"@type":"ListItem","position":1,"name":"Strona g\u0142\u00f3wna","item":"https:\/\/elena.pl\/en\/"},{"@type":"ListItem","position":2,"name":"Scientific opinions"}]},{"@type":"WebSite","@id":"https:\/\/elena.pl\/#website","url":"https:\/\/elena.pl\/","name":"Elena","description":"Producent \u017cywno\u015bci liofilizowanej","potentialAction":[{"@type":"SearchAction","target":{"@type":"EntryPoint","urlTemplate":"https:\/\/elena.pl\/?s={search_term_string}"},"query-input":{"@type":"PropertyValueSpecification","valueRequired":true,"valueName":"search_term_string"}}],"inLanguage":"en-US"}]}},"_links":{"self":[{"href":"https:\/\/elena.pl\/en\/wp-json\/wp\/v2\/pages\/11268","targetHints":{"allow":["GET"]}}],"collection":[{"href":"https:\/\/elena.pl\/en\/wp-json\/wp\/v2\/pages"}],"about":[{"href":"https:\/\/elena.pl\/en\/wp-json\/wp\/v2\/types\/page"}],"author":[{"embeddable":true,"href":"https:\/\/elena.pl\/en\/wp-json\/wp\/v2\/users\/1"}],"replies":[{"embeddable":true,"href":"https:\/\/elena.pl\/en\/wp-json\/wp\/v2\/comments?post=11268"}],"version-history":[{"count":5,"href":"https:\/\/elena.pl\/en\/wp-json\/wp\/v2\/pages\/11268\/revisions"}],"predecessor-version":[{"id":11457,"href":"https:\/\/elena.pl\/en\/wp-json\/wp\/v2\/pages\/11268\/revisions\/11457"}],"wp:attachment":[{"href":"https:\/\/elena.pl\/en\/wp-json\/wp\/v2\/media?parent=11268"}],"curies":[{"name":"wp","href":"https:\/\/api.w.org\/{rel}","templated":true}]}}